
  
{"id":101810,"date":"2023-05-25T13:58:46","date_gmt":"2023-05-25T10:58:46","guid":{"rendered":"https:\/\/old.seacretehotels.com\/?page_id=101810"},"modified":"2023-11-01T10:55:40","modified_gmt":"2023-11-01T08:55:40","slug":"group-homepage-new","status":"publish","type":"page","link":"https:\/\/old.seacretehotels.com\/de\/","title":{"rendered":"Group Homepage"},"content":{"rendered":"<h2 style=\"text-align: center;\">Buchen Sie mit Vertrauen &#8211; Keine Stornierungsgeb\u00fchren 14 Tage vor Anreise<\/h2>\n<h2 style=\"text-align: center;\">Strandhotels auf Kreta<\/h2>\n<p>SeaCrete stellt zwei Strandhotels auf Kreta in der malerischen Gegend von Kalyves in Chania vor, das All-Inclusive Kiani Beach Resort und das Kalyves Beach Hotel. In einer der sch\u00f6nsten Regionen von Chania an der K\u00fcste von Kalyves gelegen, garantieren Ihnen diese au\u00dfergew\u00f6hnlichen Hotels mit Meerblick eine Urlaubsoase der Entspannung und Ruhe. Vor der faszinierenden Kulisse der \u00fcppigen, niedrigen H\u00fcgel kombinieren unsere Strandhotels brillant die einzigartige Architektur mit einer gro\u00dfen Auswahl an gehobenen Einrichtungen und ger\u00e4umigen Unterkunftsm\u00f6glichkeiten, die zusammen mit dem aufmerksamen Service den ultimativen Rahmen f\u00fcr einen erstaunlichen Familienurlaub, ein romantisches Intermezzo oder einen unvergesslichen Urlaub auf dieser schillernden Insel Griechenlands schaffen.<\/p>\n","protected":false},"excerpt":{"rendered":"<p>Buchen Sie mit Vertrauen &#8211; Keine Stornierungsgeb\u00fchren 14 Tage vor Anreise Strandhotels auf Kreta SeaCrete stellt zwei Strandhotels auf Kreta <\/p>\n","protected":false},"author":1,"featured_media":0,"parent":0,"menu_order":0,"comment_status":"closed","ping_status":"closed","template":"templates\/template--home.php","meta":[],"acf":[],"_links":{"self":[{"href":"https:\/\/old.seacretehotels.com\/de\/wp-json\/wp\/v2\/pages\/101810"}],"collection":[{"href":"https:\/\/old.seacretehotels.com\/de\/wp-json\/wp\/v2\/pages"}],"about":[{"href":"https:\/\/old.seacretehotels.com\/de\/wp-json\/wp\/v2\/types\/page"}],"author":[{"embeddable":true,"href":"https:\/\/old.seacretehotels.com\/de\/wp-json\/wp\/v2\/users\/1"}],"replies":[{"embeddable":true,"href":"https:\/\/old.seacretehotels.com\/de\/wp-json\/wp\/v2\/comments?post=101810"}],"version-history":[{"count":6,"href":"https:\/\/old.seacretehotels.com\/de\/wp-json\/wp\/v2\/pages\/101810\/revisions"}],"predecessor-version":[{"id":108405,"href":"https:\/\/old.seacretehotels.com\/de\/wp-json\/wp\/v2\/pages\/101810\/revisions\/108405"}],"wp:attachment":[{"href":"https:\/\/old.seacretehotels.com\/de\/wp-json\/wp\/v2\/media?parent=101810"}],"curies":[{"name":"wp","href":"https:\/\/api.w.org\/{rel}","templated":true}]}}